{"id":232,"date":"2022-01-14T18:25:10","date_gmt":"2022-01-14T18:25:10","guid":{"rendered":"https:\/\/www.ads-groupe.com\/a-propos\/"},"modified":"2022-01-14T18:27:49","modified_gmt":"2022-01-14T18:27:49","slug":"a-propos","status":"publish","type":"page","link":"https:\/\/www.ads-groupe.com\/en\/a-propos\/","title":{"rendered":"ABOUT"},"content":{"rendered":"\n<p>This is an example page. It&#8217;s different from a blog post because it will stay in one place and will show up in your site navigation (in most themes). Most people start with an About page that introduces them to potential site visitors. It might say something like this:<\/p>\n\n\n\n<blockquote class=\"wp-block-quote\"><p>Hi there! I&#8217;m a bike messenger by day, aspiring actor by night, and this is my website. I live in Los Angeles, have a great dog named Jack, and I like pi\u00f1a coladas. (And gettin&#8217; caught in the rain.)<\/p><\/blockquote>\n\n\n\n<p>&#8230;or something like this:<\/p>\n\n\n\n<blockquote class=\"wp-block-quote\"><p>The XYZ Doohickey Company was founded in 1971, and has been providing quality doohickeys to the public ever since. Located in Gotham City, XYZ employs over 2,000 people and does all kinds of awesome things for the Gotham community.<\/p><\/blockquote>\n\n\n\n<p>As a new WordPress user, you should go to <a href=\"https:\/\/www.ads-groupe.com\/wp-admin\/\">your dashboard<\/a> to delete this page and create new pages for your content. Have fun!<\/p>\n\n\n\n<div style=\"height:51px\" aria-hidden=\"true\" class=\"wp-block-spacer\"><\/div>\n\n\n\n<div class=\"wp-block-cover alignfull\"><img loading=\"lazy\" width=\"1316\" height=\"491\" class=\"wp-block-cover__image-background wp-image-178\" alt=\"\" src=\"https:\/\/www.ads-groupe.com\/wp-content\/uploads\/2022\/01\/large-image-home-1.jpg\" data-object-fit=\"cover\" srcset=\"https:\/\/www.ads-groupe.com\/wp-content\/uploads\/2022\/01\/large-image-home-1.jpg 1316w, https:\/\/www.ads-groupe.com\/wp-content\/uploads\/2022\/01\/large-image-home-1-300x112.jpg 300w, https:\/\/www.ads-groupe.com\/wp-content\/uploads\/2022\/01\/large-image-home-1-1024x382.jpg 1024w, https:\/\/www.ads-groupe.com\/wp-content\/uploads\/2022\/01\/large-image-home-1-768x287.jpg 768w, https:\/\/www.ads-groupe.com\/wp-content\/uploads\/2022\/01\/large-image-home-1-628x234.jpg 628w, https:\/\/www.ads-groupe.com\/wp-content\/uploads\/2022\/01\/large-image-home-1-80x30.jpg 80w, https:\/\/www.ads-groupe.com\/wp-content\/uploads\/2022\/01\/large-image-home-1-819x306.jpg 819w\" sizes=\"(max-width: 1316px) 100vw, 1316px\" \/><div class=\"wp-block-cover__inner-container\">\n<p class=\"has-text-align-center has-large-font-size\"><\/p>\n<\/div><\/div>\n\n\n\n<div style=\"height:51px\" aria-hidden=\"true\" class=\"wp-block-spacer\"><\/div>\n\n\n\n<p>&#8220;Nous voulions apporter une solution globale et r\u00e9solument technique \u00e0 nos clients, cela passait in\u00e9vitablement par la cr\u00e9ation d&#8217;une entreprise g\u00e9n\u00e9rale sp\u00e9cialis\u00e9e dans l&#8217;am\u00e9nagement de bureaux&#8221;, explique son fondateur Alexandre Druais.<\/p>\n\n\n\n<p>Apr\u00e8s de nombreux projets men\u00e9s \u00e0 bien et face \u00e0 une demande croissante des particuliers, la soci\u00e9t\u00e9 ouvre la filiale ADS Home pour compl\u00e9ter son offre et proposer une structure enti\u00e8rement d\u00e9di\u00e9e aux particuliers. Fort de ces solutions, ADS Groupe peut ainsi proposer l&#8217;ensemble de son savoir faire \u00e0 toutes les typologies de clients.<\/p>\n\n\n    <section class=\"col three-col alignfull\">\n        <div class=\"site-width px-5 lg:px-0\">\n                            <div class=\"mb-8 lg:mb-0 col-item\">\n                    <a href=\"#\" class=\"block h-full -t\">\n                                                                            <img src=\"https:\/\/www.ads-groupe.com\/wp-content\/uploads\/2022\/01\/galerie-8.png\" >\n                                                <span class=\"ads-logo\">\n                            <img src=\"https:\/\/www.ads-groupe.com\/wp-content\/uploads\/2022\/01\/logo_adsoffice.png\" alt=\"\">\n                        <\/span>\n                        <span class=\"link-plus\">\n                                                        <span><?xml version=\"1.0\" encoding=\"UTF-8\"?>\n<svg width=\"35px\" height=\"35px\" viewBox=\"0 0 353 353\" version=\"1.1\" xmlns=\"http:\/\/www.w3.org\/2000\/svg\" xmlns:xlink=\"http:\/\/www.w3.org\/1999\/xlink\">\n    <g id=\"Page-1\" stroke=\"none\" stroke-width=\"1\" fill=\"none\" fill-rule=\"evenodd\">\n        <g id=\"SOUSMENU-Realisations-Office\" transform=\"translate(-925.000000, -335.000000)\" fill=\"#FFFFFF\">\n            <g id=\"Group-5\" transform=\"translate(925.000000, 335.000000)\">\n                <path d=\"M7.39398617,175.933315 C7.49798617,266.369315 78.8609862,343.000315 172.994986,344.767315 C266.544986,346.523315 340.941986,273.537315 344.655986,183.486315 C348.664986,86.2893147 271.895986,7.90331469 176.707986,7.48467685 C85.3679862,7.08631469 8.23298617,79.9993147 7.39398617,175.933315 M0.0399861722,178.826315 C-1.91001383,87.6583147 67.6939862,9.73431469 157.877986,0.908314686 C262.704986,-9.35068531 343.468986,68.7983147 351.607986,159.199315 C360.921986,262.653315 283.916986,343.568315 192.783986,351.628315 C141.841986,356.133315 96.9539862,341.161315 58.4699862,307.301315 C26.9229862,279.543315 0.261986172,233.160315 0.0399861722,178.826315\" id=\"Fill-1\"><\/path>\n                <path d=\"M232.015986,174.667715 L232.015986,183.810715 L180.667986,183.810715 L180.667986,235.207715 L171.523986,235.207715 L171.523986,183.871715 L120.019986,183.871715 L120.019986,174.737715 L171.450986,174.737715 C171.450986,169.905715 171.455986,165.365715 171.449986,160.824715 C171.429986,149.022715 171.432986,137.221715 171.352986,125.419715 C171.341986,123.711715 172.028986,123.348715 173.574986,123.313715 C180.837986,123.145715 180.692986,123.105715 180.648986,130.245715 C180.559986,144.550715 180.644986,158.856715 180.664986,173.161715 C180.665986,173.566715 180.753986,173.971715 180.834986,174.667715 L232.015986,174.667715 Z\" id=\"Fill-3\"><\/path>\n            <\/g>\n        <\/g>\n    <\/g>\n<\/svg><\/span>\n                        <\/span>\n                    <\/a>\n                <\/div>\n                            <div class=\"mb-8 lg:mb-0 col-item\">\n                    <a href=\"#\" class=\"block h-full -t\">\n                                                                            <img src=\"https:\/\/www.ads-groupe.com\/wp-content\/uploads\/2022\/01\/Galerie-7.png\" >\n                                                <span class=\"ads-logo\">\n                            <img src=\"https:\/\/www.ads-groupe.com\/wp-content\/uploads\/2022\/01\/logo_adsoffice.png\" alt=\"\">\n                        <\/span>\n                        <span class=\"link-plus\">\n                                                        <span><?xml version=\"1.0\" encoding=\"UTF-8\"?>\n<svg width=\"35px\" height=\"35px\" viewBox=\"0 0 353 353\" version=\"1.1\" xmlns=\"http:\/\/www.w3.org\/2000\/svg\" xmlns:xlink=\"http:\/\/www.w3.org\/1999\/xlink\">\n    <g id=\"Page-1\" stroke=\"none\" stroke-width=\"1\" fill=\"none\" fill-rule=\"evenodd\">\n        <g id=\"SOUSMENU-Realisations-Office\" transform=\"translate(-925.000000, -335.000000)\" fill=\"#FFFFFF\">\n            <g id=\"Group-5\" transform=\"translate(925.000000, 335.000000)\">\n                <path d=\"M7.39398617,175.933315 C7.49798617,266.369315 78.8609862,343.000315 172.994986,344.767315 C266.544986,346.523315 340.941986,273.537315 344.655986,183.486315 C348.664986,86.2893147 271.895986,7.90331469 176.707986,7.48467685 C85.3679862,7.08631469 8.23298617,79.9993147 7.39398617,175.933315 M0.0399861722,178.826315 C-1.91001383,87.6583147 67.6939862,9.73431469 157.877986,0.908314686 C262.704986,-9.35068531 343.468986,68.7983147 351.607986,159.199315 C360.921986,262.653315 283.916986,343.568315 192.783986,351.628315 C141.841986,356.133315 96.9539862,341.161315 58.4699862,307.301315 C26.9229862,279.543315 0.261986172,233.160315 0.0399861722,178.826315\" id=\"Fill-1\"><\/path>\n                <path d=\"M232.015986,174.667715 L232.015986,183.810715 L180.667986,183.810715 L180.667986,235.207715 L171.523986,235.207715 L171.523986,183.871715 L120.019986,183.871715 L120.019986,174.737715 L171.450986,174.737715 C171.450986,169.905715 171.455986,165.365715 171.449986,160.824715 C171.429986,149.022715 171.432986,137.221715 171.352986,125.419715 C171.341986,123.711715 172.028986,123.348715 173.574986,123.313715 C180.837986,123.145715 180.692986,123.105715 180.648986,130.245715 C180.559986,144.550715 180.644986,158.856715 180.664986,173.161715 C180.665986,173.566715 180.753986,173.971715 180.834986,174.667715 L232.015986,174.667715 Z\" id=\"Fill-3\"><\/path>\n            <\/g>\n        <\/g>\n    <\/g>\n<\/svg><\/span>\n                        <\/span>\n                    <\/a>\n                <\/div>\n                            <div class=\"mb-8 lg:mb-0 col-item\">\n                    <a href=\"#\" class=\"block h-full -t\">\n                                                                            <img src=\"https:\/\/www.ads-groupe.com\/wp-content\/uploads\/2022\/01\/Galerie-6.png\" >\n                                                <span class=\"ads-logo\">\n                            <img src=\"https:\/\/www.ads-groupe.com\/wp-content\/uploads\/2022\/01\/logo_adsoffice.png\" alt=\"\">\n                        <\/span>\n                        <span class=\"link-plus\">\n                                                        <span><?xml version=\"1.0\" encoding=\"UTF-8\"?>\n<svg width=\"35px\" height=\"35px\" viewBox=\"0 0 353 353\" version=\"1.1\" xmlns=\"http:\/\/www.w3.org\/2000\/svg\" xmlns:xlink=\"http:\/\/www.w3.org\/1999\/xlink\">\n    <g id=\"Page-1\" stroke=\"none\" stroke-width=\"1\" fill=\"none\" fill-rule=\"evenodd\">\n        <g id=\"SOUSMENU-Realisations-Office\" transform=\"translate(-925.000000, -335.000000)\" fill=\"#FFFFFF\">\n            <g id=\"Group-5\" transform=\"translate(925.000000, 335.000000)\">\n                <path d=\"M7.39398617,175.933315 C7.49798617,266.369315 78.8609862,343.000315 172.994986,344.767315 C266.544986,346.523315 340.941986,273.537315 344.655986,183.486315 C348.664986,86.2893147 271.895986,7.90331469 176.707986,7.48467685 C85.3679862,7.08631469 8.23298617,79.9993147 7.39398617,175.933315 M0.0399861722,178.826315 C-1.91001383,87.6583147 67.6939862,9.73431469 157.877986,0.908314686 C262.704986,-9.35068531 343.468986,68.7983147 351.607986,159.199315 C360.921986,262.653315 283.916986,343.568315 192.783986,351.628315 C141.841986,356.133315 96.9539862,341.161315 58.4699862,307.301315 C26.9229862,279.543315 0.261986172,233.160315 0.0399861722,178.826315\" id=\"Fill-1\"><\/path>\n                <path d=\"M232.015986,174.667715 L232.015986,183.810715 L180.667986,183.810715 L180.667986,235.207715 L171.523986,235.207715 L171.523986,183.871715 L120.019986,183.871715 L120.019986,174.737715 L171.450986,174.737715 C171.450986,169.905715 171.455986,165.365715 171.449986,160.824715 C171.429986,149.022715 171.432986,137.221715 171.352986,125.419715 C171.341986,123.711715 172.028986,123.348715 173.574986,123.313715 C180.837986,123.145715 180.692986,123.105715 180.648986,130.245715 C180.559986,144.550715 180.644986,158.856715 180.664986,173.161715 C180.665986,173.566715 180.753986,173.971715 180.834986,174.667715 L232.015986,174.667715 Z\" id=\"Fill-3\"><\/path>\n            <\/g>\n        <\/g>\n    <\/g>\n<\/svg><\/span>\n                        <\/span>\n                    <\/a>\n                <\/div>\n                    <\/div>\n\n    <\/section>\n\n\n\n<h2 class=\"has-text-align-center\">NOS VALEURS<\/h2>\n\n\n\n<p>Professionalisme, r\u00e9activit\u00e9, et engagement sont les ma\u00eetres mots qui nous animent chaque jour. Nous abordons nos projets de mani\u00e8re unique et nous mettons en \u0153uvre l&#8217;ensemble des ressources n\u00e9cessaires pour r\u00e9pondre aux besoins sp\u00e9cifiques et demandes toujours plus pr\u00e9cises de nos clients. <\/p>\n\n\n\n<h2 class=\"has-text-align-center\">NOS M\u00c9TIERS<\/h2>\n\n\n\n<p>Nous proposons une solution globale de travaux en tous corps d&#8217;\u00e9tat pour les entreprises et particuliers. Nous vous accompagnons dans votre projet de A \u00e0 Z :<\/p>\n\n\n\n<ul><li>Nous d\u00e9finissons ensemble vos besoins techniques et fonctionnels<\/li><li>Nous r\u00e9alisons la conception architecturale de votre projet avec nos partenaires<\/li><li>Nous ex\u00e9cutons et pilotons les travaux jusqu\u2019\u00e0 la livraison<\/li><\/ul>\n\n\n\n<p>Fort de nos ann\u00e9es d&#8217;exp\u00e9riences, nous maitrisons un large spectre de comp\u00e9tences : que ce soit sur les lots architecturaux (faux plafond, cloisonnement, peinture, rev\u00eatement de sol&#8230;) ou les lots techniques (plomberie, cvc, \u00e9l\u00e9ctricit\u00e9&#8230;).<\/p>\n\n\n\n<div style=\"height:60px\" aria-hidden=\"true\" class=\"wp-block-spacer\"><\/div>\n\n\n    <div class=\"alignfull\">\n        <div class=\"site-width\">\n            <div class=\"banniere w-full\" style=\"background-image: url('https:\/\/www.ads-groupe.com\/wp-content\/themes\/ads\/dist\/images\/fondmur.jpg')\">\n                <div class=\"banniere-content\">\n                    <div class=\"w-full md:w-8\/12 mb-10 md:mb-0\">\n                        <div class=\"uppercase font-sg font-bold mb-8 text-xl md:text-banniere\">\n                            Un projet<br \/>\nd&#8217;am\u00e9nagement ?\n                        <\/div>\n                        <p>Contactez-nous par mail<br \/>\nou remplissez notre formulaire<\/p>\n                    <\/div>\n                                            <div class=\"flex items-center w-full md:w-4\/12\">\n                            <a target=\"\" href=\"#\" class=\"btn btn-outline\">\n                                <span class=\"mask\"><\/span>\n                                <span class=\"text-xs\">Un mot sur votre projet<\/span>\n                            <\/a>\n                        <\/div>\n                                    <\/div>\n            <\/div>\n        <\/div>\n    <\/div>\n\n","protected":false},"excerpt":{"rendered":"<p>This is an example page. It&#8217;s different from a blog post because it will stay in one place and will show up in your site navigation (in most themes). Most people start with an About page that introduces them to potential site visitors. It might say something like this: Hi there! I&#8217;m a bike messenger [&hellip;]<\/p>\n","protected":false},"author":1,"featured_media":0,"parent":0,"menu_order":0,"comment_status":"closed","ping_status":"open","template":"","meta":[],"acf":[],"yoast_head":"<!-- This site is optimized with the Yoast SEO plugin v18.0 - https:\/\/yoast.com\/wordpress\/plugins\/seo\/ -->\n<title>ABOUT - ADS<\/title>\n<meta name=\"robots\" content=\"index, follow, max-snippet:-1, max-image-preview:large, max-video-preview:-1\" \/>\n<link rel=\"canonical\" href=\"https:\/\/www.ads-groupe.com\/en\/a-propos\/\" \/>\n<meta property=\"og:locale\" content=\"en_US\" \/>\n<meta property=\"og:type\" content=\"article\" \/>\n<meta property=\"og:title\" content=\"ABOUT - ADS\" \/>\n<meta property=\"og:description\" content=\"This is an example page. It&#8217;s different from a blog post because it will stay in one place and will show up in your site navigation (in most themes). Most people start with an About page that introduces them to potential site visitors. It might say something like this: Hi there! I&#8217;m a bike messenger [&hellip;]\" \/>\n<meta property=\"og:url\" content=\"https:\/\/www.ads-groupe.com\/en\/a-propos\/\" \/>\n<meta property=\"og:site_name\" content=\"ADS\" \/>\n<meta property=\"article:modified_time\" content=\"2022-01-14T18:27:49+00:00\" \/>\n<meta property=\"og:image\" content=\"https:\/\/www.ads-groupe.com\/wp-content\/uploads\/2022\/01\/large-image-home-1.jpg\" \/>\n<meta name=\"twitter:card\" content=\"summary_large_image\" \/>\n<meta name=\"twitter:label1\" content=\"Est. reading time\" \/>\n\t<meta name=\"twitter:data1\" content=\"2 minutes\" \/>\n<script type=\"application\/ld+json\" class=\"yoast-schema-graph\">{\"@context\":\"https:\/\/schema.org\",\"@graph\":[{\"@type\":\"Organization\",\"@id\":\"https:\/\/www.ads-groupe.com\/#organization\",\"name\":\"ADS Groupe\",\"url\":\"https:\/\/www.ads-groupe.com\/\",\"sameAs\":[],\"logo\":{\"@type\":\"ImageObject\",\"@id\":\"https:\/\/www.ads-groupe.com\/#logo\",\"inLanguage\":\"en-US\",\"url\":\"https:\/\/www.ads-groupe.com\/wp-content\/uploads\/2022\/03\/cropped-favicon-ok.png\",\"contentUrl\":\"https:\/\/www.ads-groupe.com\/wp-content\/uploads\/2022\/03\/cropped-favicon-ok.png\",\"width\":512,\"height\":512,\"caption\":\"ADS Groupe\"},\"image\":{\"@id\":\"https:\/\/www.ads-groupe.com\/#logo\"}},{\"@type\":\"WebSite\",\"@id\":\"https:\/\/www.ads-groupe.com\/#website\",\"url\":\"https:\/\/www.ads-groupe.com\/\",\"name\":\"ADS\",\"description\":\"ADS GROUPE\",\"publisher\":{\"@id\":\"https:\/\/www.ads-groupe.com\/#organization\"},\"potentialAction\":[{\"@type\":\"SearchAction\",\"target\":{\"@type\":\"EntryPoint\",\"urlTemplate\":\"https:\/\/www.ads-groupe.com\/?s={search_term_string}\"},\"query-input\":\"required name=search_term_string\"}],\"inLanguage\":\"en-US\"},{\"@type\":\"ImageObject\",\"@id\":\"https:\/\/www.ads-groupe.com\/en\/a-propos\/#primaryimage\",\"inLanguage\":\"en-US\",\"url\":\"https:\/\/www.ads-groupe.com\/wp-content\/uploads\/2022\/01\/large-image-home-1.jpg\",\"contentUrl\":\"https:\/\/www.ads-groupe.com\/wp-content\/uploads\/2022\/01\/large-image-home-1.jpg\",\"width\":1316,\"height\":491},{\"@type\":\"WebPage\",\"@id\":\"https:\/\/www.ads-groupe.com\/en\/a-propos\/#webpage\",\"url\":\"https:\/\/www.ads-groupe.com\/en\/a-propos\/\",\"name\":\"ABOUT - ADS\",\"isPartOf\":{\"@id\":\"https:\/\/www.ads-groupe.com\/#website\"},\"primaryImageOfPage\":{\"@id\":\"https:\/\/www.ads-groupe.com\/en\/a-propos\/#primaryimage\"},\"datePublished\":\"2022-01-14T18:25:10+00:00\",\"dateModified\":\"2022-01-14T18:27:49+00:00\",\"breadcrumb\":{\"@id\":\"https:\/\/www.ads-groupe.com\/en\/a-propos\/#breadcrumb\"},\"inLanguage\":\"en-US\",\"potentialAction\":[{\"@type\":\"ReadAction\",\"target\":[\"https:\/\/www.ads-groupe.com\/en\/a-propos\/\"]}]},{\"@type\":\"BreadcrumbList\",\"@id\":\"https:\/\/www.ads-groupe.com\/en\/a-propos\/#breadcrumb\",\"itemListElement\":[{\"@type\":\"ListItem\",\"position\":1,\"name\":\"Accueil\",\"item\":\"https:\/\/www.ads-groupe.com\/en\/\"},{\"@type\":\"ListItem\",\"position\":2,\"name\":\"ABOUT\"}]}]}<\/script>\n<!-- \/ Yoast SEO plugin. -->","yoast_head_json":{"title":"ABOUT - ADS","robots":{"index":"index","follow":"follow","max-snippet":"max-snippet:-1","max-image-preview":"max-image-preview:large","max-video-preview":"max-video-preview:-1"},"canonical":"https:\/\/www.ads-groupe.com\/en\/a-propos\/","og_locale":"en_US","og_type":"article","og_title":"ABOUT - ADS","og_description":"This is an example page. It&#8217;s different from a blog post because it will stay in one place and will show up in your site navigation (in most themes). Most people start with an About page that introduces them to potential site visitors. It might say something like this: Hi there! I&#8217;m a bike messenger [&hellip;]","og_url":"https:\/\/www.ads-groupe.com\/en\/a-propos\/","og_site_name":"ADS","article_modified_time":"2022-01-14T18:27:49+00:00","og_image":[{"url":"https:\/\/www.ads-groupe.com\/wp-content\/uploads\/2022\/01\/large-image-home-1.jpg"}],"twitter_card":"summary_large_image","twitter_misc":{"Est. reading time":"2 minutes"},"schema":{"@context":"https:\/\/schema.org","@graph":[{"@type":"Organization","@id":"https:\/\/www.ads-groupe.com\/#organization","name":"ADS Groupe","url":"https:\/\/www.ads-groupe.com\/","sameAs":[],"logo":{"@type":"ImageObject","@id":"https:\/\/www.ads-groupe.com\/#logo","inLanguage":"en-US","url":"https:\/\/www.ads-groupe.com\/wp-content\/uploads\/2022\/03\/cropped-favicon-ok.png","contentUrl":"https:\/\/www.ads-groupe.com\/wp-content\/uploads\/2022\/03\/cropped-favicon-ok.png","width":512,"height":512,"caption":"ADS Groupe"},"image":{"@id":"https:\/\/www.ads-groupe.com\/#logo"}},{"@type":"WebSite","@id":"https:\/\/www.ads-groupe.com\/#website","url":"https:\/\/www.ads-groupe.com\/","name":"ADS","description":"ADS GROUPE","publisher":{"@id":"https:\/\/www.ads-groupe.com\/#organization"},"potentialAction":[{"@type":"SearchAction","target":{"@type":"EntryPoint","urlTemplate":"https:\/\/www.ads-groupe.com\/?s={search_term_string}"},"query-input":"required name=search_term_string"}],"inLanguage":"en-US"},{"@type":"ImageObject","@id":"https:\/\/www.ads-groupe.com\/en\/a-propos\/#primaryimage","inLanguage":"en-US","url":"https:\/\/www.ads-groupe.com\/wp-content\/uploads\/2022\/01\/large-image-home-1.jpg","contentUrl":"https:\/\/www.ads-groupe.com\/wp-content\/uploads\/2022\/01\/large-image-home-1.jpg","width":1316,"height":491},{"@type":"WebPage","@id":"https:\/\/www.ads-groupe.com\/en\/a-propos\/#webpage","url":"https:\/\/www.ads-groupe.com\/en\/a-propos\/","name":"ABOUT - ADS","isPartOf":{"@id":"https:\/\/www.ads-groupe.com\/#website"},"primaryImageOfPage":{"@id":"https:\/\/www.ads-groupe.com\/en\/a-propos\/#primaryimage"},"datePublished":"2022-01-14T18:25:10+00:00","dateModified":"2022-01-14T18:27:49+00:00","breadcrumb":{"@id":"https:\/\/www.ads-groupe.com\/en\/a-propos\/#breadcrumb"},"inLanguage":"en-US","potentialAction":[{"@type":"ReadAction","target":["https:\/\/www.ads-groupe.com\/en\/a-propos\/"]}]},{"@type":"BreadcrumbList","@id":"https:\/\/www.ads-groupe.com\/en\/a-propos\/#breadcrumb","itemListElement":[{"@type":"ListItem","position":1,"name":"Accueil","item":"https:\/\/www.ads-groupe.com\/en\/"},{"@type":"ListItem","position":2,"name":"ABOUT"}]}]}},"_links":{"self":[{"href":"https:\/\/www.ads-groupe.com\/en\/wp-json\/wp\/v2\/pages\/232"}],"collection":[{"href":"https:\/\/www.ads-groupe.com\/en\/wp-json\/wp\/v2\/pages"}],"about":[{"href":"https:\/\/www.ads-groupe.com\/en\/wp-json\/wp\/v2\/types\/page"}],"author":[{"embeddable":true,"href":"https:\/\/www.ads-groupe.com\/en\/wp-json\/wp\/v2\/users\/1"}],"replies":[{"embeddable":true,"href":"https:\/\/www.ads-groupe.com\/en\/wp-json\/wp\/v2\/comments?post=232"}],"version-history":[{"count":3,"href":"https:\/\/www.ads-groupe.com\/en\/wp-json\/wp\/v2\/pages\/232\/revisions"}],"predecessor-version":[{"id":237,"href":"https:\/\/www.ads-groupe.com\/en\/wp-json\/wp\/v2\/pages\/232\/revisions\/237"}],"wp:attachment":[{"href":"https:\/\/www.ads-groupe.com\/en\/wp-json\/wp\/v2\/media?parent=232"}],"curies":[{"name":"wp","href":"https:\/\/api.w.org\/{rel}","templated":true}]}}